{"id":5175,"date":"2025-03-27T10:59:15","date_gmt":"2025-03-27T10:59:15","guid":{"rendered":"http:\/\/www.hotelmedena.com\/?page_id=5175"},"modified":"2025-06-11T13:35:02","modified_gmt":"2025-06-11T13:35:02","slug":"attractions","status":"publish","type":"page","link":"https:\/\/www.hotelmedena.com\/hr\/attractions\/","title":{"rendered":"Atrakcije"},"content":{"rendered":"<div data-elementor-type=\"wp-page\" data-elementor-id=\"5175\" class=\"elementor elementor-5175\">\n\t\t\t\t<div class=\"elementor-element elementor-element-5fae200 e-flex e-con-boxed e-con e-parent\" data-id=\"5fae200\" data-element_type=\"container\">\n\t\t\t\t\t<div class=\"e-con-inner\">\n\t\t\t\t<div class=\"elementor-element elementor-element-321edbe elementor-widget elementor-widget-heading\" data-id=\"321edbe\" data-element_type=\"widget\" data-widget_type=\"heading.default\">\n\t\t\t\t<div class=\"elementor-widget-container\">\n\t\t\t\t\t<h2 class=\"elementor-heading-title elementor-size-default\">Atrakcije<\/h2>\t\t\t\t<\/div>\n\t\t\t\t<\/div>\n\t\t\t\t\t<\/div>\n\t\t\t\t<\/div>\n\t\t<div class=\"elementor-element elementor-element-ef9dcbb e-flex e-con-boxed e-con e-parent\" data-id=\"ef9dcbb\" data-element_type=\"container\" data-settings=\"{&quot;background_background&quot;:&quot;classic&quot;}\">\n\t\t\t\t\t<div class=\"e-con-inner\">\n\t\t<div class=\"elementor-element elementor-element-8117e69 e-con-full e-flex e-con e-child\" data-id=\"8117e69\" data-element_type=\"container\">\n\t\t\t\t<div class=\"elementor-element elementor-element-d67d7b8 elementor-widget elementor-widget-heading\" data-id=\"d67d7b8\" data-element_type=\"widget\" data-widget_type=\"heading.default\">\n\t\t\t\t<div class=\"elementor-widget-container\">\n\t\t\t\t\t<h2 class=\"elementor-heading-title elementor-size-default\">Grad Trogir<\/h2>\t\t\t\t<\/div>\n\t\t\t\t<\/div>\n\t\t\t\t<div class=\"elementor-element elementor-element-95e4666 elementor-widget elementor-widget-text-editor\" data-id=\"95e4666\" data-element_type=\"widget\" data-widget_type=\"text-editor.default\">\n\t\t\t\t<div class=\"elementor-widget-container\">\n\t\t\t\t\t\t\t\t\t<ul><li style=\"font-weight: 400;\" aria-level=\"1\">Cestovna udaljenost: 4 km \u2013 cca 5 minuta vo\u017enje<\/li><li style=\"font-weight: 400;\" aria-level=\"1\">UNESCO \u2013 povijesna jezgra Trogira<\/li><li style=\"font-weight: 400;\" aria-level=\"1\">Trogir je izvanredan primjer kontinuiteta grada. Ortogonalni plan ulica ovog oto\u010dkog naselja potje\u010de iz helenisti\u010dkog doba koji su uzastopni vladari nastavili ukra\u0161avati s raznim izuzetnim javnim i stambenim zgradama i utvrdama. Njegove lijepe romani\u010dke crkve upotpunjene su izuzetnim renesansnim i baroknim zdanjima. Najzna\u010dajnija gra\u0111evina je trogirska katedrala s portalom zapadnih vratiju, remek-djelom majstora Radovana najzna\u010dajnijim primjerom romani\u010dko-goti\u010dke umjetnosti u Hrvatskoj.<\/li><\/ul>\t\t\t\t\t\t\t\t<\/div>\n\t\t\t\t<\/div>\n\t\t\t\t<\/div>\n\t\t<div class=\"elementor-element elementor-element-ae07a98 e-con-full e-flex e-con e-child\" data-id=\"ae07a98\" data-element_type=\"container\">\n\t\t\t\t<div class=\"elementor-element elementor-element-d0aef5f elementor-widget elementor-widget-heading\" data-id=\"d0aef5f\" data-element_type=\"widget\" data-widget_type=\"heading.default\">\n\t\t\t\t<div class=\"elementor-widget-container\">\n\t\t\t\t\t<h2 class=\"elementor-heading-title elementor-size-default\">Grad Split<\/h2>\t\t\t\t<\/div>\n\t\t\t\t<\/div>\n\t\t\t\t<div class=\"elementor-element elementor-element-213562b elementor-widget elementor-widget-text-editor\" data-id=\"213562b\" data-element_type=\"widget\" data-widget_type=\"text-editor.default\">\n\t\t\t\t<div class=\"elementor-widget-container\">\n\t\t\t\t\t\t\t\t\t<ul><li style=\"font-weight: 400;\" aria-level=\"1\">Cestovna udaljenost \u2013 30 km \u2013 cca pola sata vo\u017enje<\/li><li style=\"font-weight: 400;\" aria-level=\"1\">UNESCO \u2013 Dioklecijanova pala\u010da i srednjovjekovni Split<\/li><li style=\"font-weight: 400;\" aria-level=\"1\">Careva pala\u010da jedno je od najzna\u010dajnijih djela kasnoanti\u010dke arhitekture ne samo po o\u010duvanosti pojedinih izvornih dijelova i cjeline, nego i po nizu originalnih arhitektonskih formi koje navje\u0161taju novu ranokr\u0161\u0107ansku, bizantsku i ranosrednjovjekovnu umjetnost. Katedrala je izgra\u0111ena u Srednjem vijeku rabe\u0107i materijale antiknog mauzoleja. Romani\u010dke crkve iz dvanaestog i trinaestog<br \/>stolje\u0107a, srednjovjekovne utvrde, te goti\u010dke, renesanse i barokne pala\u010de nalaze se unutar rimskih zidina tvore\u0107i tako harmoni\u010dnu cjelinu.<\/li><\/ul>\t\t\t\t\t\t\t\t<\/div>\n\t\t\t\t<\/div>\n\t\t\t\t<\/div>\n\t\t\t\t\t<\/div>\n\t\t\t\t<\/div>\n\t\t<div class=\"elementor-element elementor-element-6288e54 e-flex e-con-boxed e-con e-parent\" data-id=\"6288e54\" data-element_type=\"container\" data-settings=\"{&quot;background_background&quot;:&quot;classic&quot;}\">\n\t\t\t\t\t<div class=\"e-con-inner\">\n\t\t<div class=\"elementor-element elementor-element-248caf8 e-con-full e-flex e-con e-child\" data-id=\"248caf8\" data-element_type=\"container\">\n\t\t\t\t<div class=\"elementor-element elementor-element-09d5c29 elementor-widget elementor-widget-heading\" data-id=\"09d5c29\" data-element_type=\"widget\" data-widget_type=\"heading.default\">\n\t\t\t\t<div class=\"elementor-widget-container\">\n\t\t\t\t\t<h2 class=\"elementor-heading-title elementor-size-default\">Grad Dubrovnik<\/h2>\t\t\t\t<\/div>\n\t\t\t\t<\/div>\n\t\t\t\t<div class=\"elementor-element elementor-element-1497227 elementor-widget elementor-widget-text-editor\" data-id=\"1497227\" data-element_type=\"widget\" data-widget_type=\"text-editor.default\">\n\t\t\t\t<div class=\"elementor-widget-container\">\n\t\t\t\t\t\t\t\t\t<ul><li style=\"font-weight: 400;\" aria-level=\"1\">Cestovna udaljenost od Hotela Medena: 255 km \u2013 oko tri sata vo\u017enje<\/li><li style=\"font-weight: 400;\" aria-level=\"1\">Zra\u010dna udaljenost od Hotela Medena: 180 km<\/li><li style=\"font-weight: 400;\" aria-level=\"1\">UNESCO \u2013 \u201cBiser Jadrana\u201d nakon 13. stolje\u0107a postaje va\u017ena sila Mediterana. Ovaj srednjovjekovni planirani grad na ju\u017enom dijelu hrvatske obale isto\u010dnog Jadrana, sa svojom povijesnom jezgrom smje\u0161tenom u podno\u017eju brda Sr\u0111, kroz stolje\u0107a je sa\u010duvao karakter jedinstvene urbane cjeline definirane gradskim zidinama, koja zauzima zna\u010dajno mjesto u povijesti urbanizma. Iako<br \/>zna\u010dajno uni\u0161ten u potresu 1667. godine, Dubrovnik je uspio sa\u010duvati svoje goti\u010dke, renesansne i barokne crkve, samostane, pala\u010de i fontane.<\/li><\/ul>\t\t\t\t\t\t\t\t<\/div>\n\t\t\t\t<\/div>\n\t\t\t\t<\/div>\n\t\t<div class=\"elementor-element elementor-element-58ff6a8 e-con-full e-flex e-con e-child\" data-id=\"58ff6a8\" data-element_type=\"container\">\n\t\t\t\t<div class=\"elementor-element elementor-element-54e7683 elementor-widget elementor-widget-heading\" data-id=\"54e7683\" data-element_type=\"widget\" data-widget_type=\"heading.default\">\n\t\t\t\t<div class=\"elementor-widget-container\">\n\t\t\t\t\t<h2 class=\"elementor-heading-title elementor-size-default\">Grad Zadar<\/h2>\t\t\t\t<\/div>\n\t\t\t\t<\/div>\n\t\t\t\t<div class=\"elementor-element elementor-element-a104c35 elementor-widget elementor-widget-text-editor\" data-id=\"a104c35\" data-element_type=\"widget\" data-widget_type=\"text-editor.default\">\n\t\t\t\t<div class=\"elementor-widget-container\">\n\t\t\t\t\t\t\t\t\t<ul><li style=\"font-weight: 400;\" aria-level=\"1\">Cestovna udaljenost: 130 km, otprilike sat i pol vo\u017enje<\/li><li style=\"font-weight: 400;\" aria-level=\"1\">Zadar je drevni grad, sagra\u0111en na sredi\u0161tu hrvatskog Jadrana, prepun povijesnih i kulturnih znamenitosti. Star tri tisu\u0107e godina, grad duge, burne i dinami\u010dne povijesti. Danas je grad Zadar sa\u010duvani spomenik razli\u010ditih povijesnih vremena i kultura.<\/li><\/ul>\t\t\t\t\t\t\t\t<\/div>\n\t\t\t\t<\/div>\n\t\t\t\t<\/div>\n\t\t\t\t\t<\/div>\n\t\t\t\t<\/div>\n\t\t<div class=\"elementor-element elementor-element-b064864 e-flex e-con-boxed e-con e-parent\" data-id=\"b064864\" data-element_type=\"container\">\n\t\t\t\t\t<div class=\"e-con-inner\">\n\t\t<div class=\"elementor-element elementor-element-a8a2363 e-con-full e-flex e-con e-child\" data-id=\"a8a2363\" data-element_type=\"container\">\n\t\t\t\t<div class=\"elementor-element elementor-element-6817a0e elementor-widget elementor-widget-heading\" data-id=\"6817a0e\" data-element_type=\"widget\" data-widget_type=\"heading.default\">\n\t\t\t\t<div class=\"elementor-widget-container\">\n\t\t\t\t\t<h2 class=\"elementor-heading-title elementor-size-default\">Grad \u0160ibenik<\/h2>\t\t\t\t<\/div>\n\t\t\t\t<\/div>\n\t\t\t\t<div class=\"elementor-element elementor-element-4248cb0 elementor-widget elementor-widget-text-editor\" data-id=\"4248cb0\" data-element_type=\"widget\" data-widget_type=\"text-editor.default\">\n\t\t\t\t<div class=\"elementor-widget-container\">\n\t\t\t\t\t\t\t\t\t<ul><li style=\"font-weight: 400;\" aria-level=\"1\">Cestovna udaljenost: 44 km, otprilike 45 minuta<\/li><li style=\"font-weight: 400;\" aria-level=\"1\">UNESCO \u2013 Katedrala Sv. Jakova u \u0160ibeniku<\/li><li style=\"font-weight: 400;\" aria-level=\"1\">Katedrala Sv. Jakova koja je izgra\u0111ena izme\u0111u 1431. i 1535. godine svjedok je bitnih razmjena u podru\u010dju spomeni\u010dke umjetnosti izme\u0111u Sjeverne Italije, Dalmacije i Toskane 15. i 16. stolje\u0107a. Tri arhitekta \u2013 Francesco di Giacomo, Juraj Dalmatinac i Nikola Firentinac \u2013 razvili su strukturu u cijelosti izgra\u0111enu od kamena uporabom<br \/>jedinstvene tehniku za kupolu katedrale.<\/li><\/ul>\t\t\t\t\t\t\t\t<\/div>\n\t\t\t\t<\/div>\n\t\t\t\t<\/div>\n\t\t<div class=\"elementor-element elementor-element-3f3fb02 e-con-full e-flex e-con e-child\" data-id=\"3f3fb02\" data-element_type=\"container\">\n\t\t\t\t<div class=\"elementor-element elementor-element-6cdb662 elementor-widget elementor-widget-heading\" data-id=\"6cdb662\" data-element_type=\"widget\" data-widget_type=\"heading.default\">\n\t\t\t\t<div class=\"elementor-widget-container\">\n\t\t\t\t\t<h2 class=\"elementor-heading-title elementor-size-default\">Plitvi\u010dka jezera<\/h2>\t\t\t\t<\/div>\n\t\t\t\t<\/div>\n\t\t\t\t<div class=\"elementor-element elementor-element-7f7a465 elementor-widget elementor-widget-text-editor\" data-id=\"7f7a465\" data-element_type=\"widget\" data-widget_type=\"text-editor.default\">\n\t\t\t\t<div class=\"elementor-widget-container\">\n\t\t\t\t\t\t\t\t\t<ul><li style=\"font-weight: 400;\" aria-level=\"1\">Cestovna udaljenost: 227 km, otprilike 3 sata vo\u017enje<\/li><li style=\"font-weight: 400;\" aria-level=\"1\">UNESCO \u2013 Nacionalni park Plitvi\u010dka jezera<\/li><li style=\"font-weight: 400;\" aria-level=\"1\">Plitvice zahvaljuju svoju ljepotu i nenadma\u0161nu atraktivnost sedri i sedrotvornom bilju. Tvorbom sedre i pregra\u0111ivanjem rije\u010dnoga korita, nastala je niska od 16 Plitvi\u010dkih jezera koja predstavlja veli\u010danstven arhitektonski fenomen prirode okru\u017een gustim \u0161umama u kojima obitavaju medvjedi, vukovi i mnoge druge rijetke \u017eivotinjske i biljne vrste.<\/li><\/ul>\t\t\t\t\t\t\t\t<\/div>\n\t\t\t\t<\/div>\n\t\t\t\t<\/div>\n\t\t\t\t\t<\/div>\n\t\t\t\t<\/div>\n\t\t\t\t<\/div>","protected":false},"excerpt":{"rendered":"<p>Attractions City of Trogir Road distance: 4 km \u2013 approximately 5 minutes\u2019 drive UNESCO \u2013 Historic Centre of Trogir Trogir <a href=\"https:\/\/www.hotelmedena.com\/hr\/attractions\/#more-'\" class=\"more-link\">&#8230; \u00bb\u00bb<\/a><\/p>","protected":false},"author":3,"featured_media":0,"parent":0,"menu_order":0,"comment_status":"closed","ping_status":"closed","template":"","meta":{"site-sidebar-layout":"no-sidebar","site-content-layout":"","ast-site-content-layout":"full-width-container","site-content-style":"default","site-sidebar-style":"default","ast-global-header-display":"","ast-banner-title-visibility":"","ast-main-header-display":"","ast-hfb-above-header-display":"","ast-hfb-below-header-display":"","ast-hfb-mobile-header-display":"","site-post-title":"disabled","ast-breadcrumbs-content":"","ast-featured-img":"disabled","footer-sml-layout":"","theme-transparent-header-meta":"","adv-header-id-meta":"","stick-header-meta":"","header-above-stick-meta":"","header-main-stick-meta":"","header-below-stick-meta":"","astra-migrate-meta-layouts":"default","ast-page-background-enabled":"default","ast-page-background-meta":{"desktop":{"background-color":"var(--ast-global-color-5)","background-image":"","background-repeat":"repeat","background-position":"center center","background-size":"auto","background-attachment":"scroll","background-type":"","background-media":"","overlay-type":"","overlay-color":"","overlay-opacity":"","overlay-gradient":""},"tablet":{"background-color":"","background-image":"","background-repeat":"repeat","background-position":"center center","background-size":"auto","background-attachment":"scroll","background-type":"","background-media":"","overlay-type":"","overlay-color":"","overlay-opacity":"","overlay-gradient":""},"mobile":{"background-color":"","background-image":"","background-repeat":"repeat","background-position":"center center","background-size":"auto","background-attachment":"scroll","background-type":"","background-media":"","overlay-type":"","overlay-color":"","overlay-opacity":"","overlay-gradient":""}},"ast-content-background-meta":{"desktop":{"background-color":"var(--ast-global-color-4)","background-image":"","background-repeat":"repeat","background-position":"center center","background-size":"auto","background-attachment":"scroll","background-type":"","background-media":"","overlay-type":"","overlay-color":"","overlay-opacity":"","overlay-gradient":""},"tablet":{"background-color":"var(--ast-global-color-4)","background-image":"","background-repeat":"repeat","background-position":"center center","background-size":"auto","background-attachment":"scroll","background-type":"","background-media":"","overlay-type":"","overlay-color":"","overlay-opacity":"","overlay-gradient":""},"mobile":{"background-color":"var(--ast-global-color-4)","background-image":"","background-repeat":"repeat","background-position":"center center","background-size":"auto","background-attachment":"scroll","background-type":"","background-media":"","overlay-type":"","overlay-color":"","overlay-opacity":"","overlay-gradient":""}},"footnotes":""},"class_list":["post-5175","page","type-page","status-publish","hentry"],"yoast_head":"<!-- This site is optimized with the Yoast SEO plugin v25.1 - https:\/\/yoast.com\/wordpress\/plugins\/seo\/ -->\n<title>Attractions - Hotel Medena<\/title>\n<meta name=\"robots\" content=\"index, follow, max-snippet:-1, max-image-preview:large, max-video-preview:-1\" \/>\n<link rel=\"canonical\" href=\"https:\/\/www.hotelmedena.com\/hr\/attractions\/\" \/>\n<meta property=\"og:locale\" content=\"hr_HR\" \/>\n<meta property=\"og:type\" content=\"article\" \/>\n<meta property=\"og:title\" content=\"Attractions - Hotel Medena\" \/>\n<meta property=\"og:description\" content=\"Attractions City of Trogir Road distance: 4 km \u2013 approximately 5 minutes\u2019 drive UNESCO \u2013 Historic Centre of Trogir Trogir ... \u00bb\u00bb\" \/>\n<meta property=\"og:url\" content=\"https:\/\/www.hotelmedena.com\/hr\/attractions\/\" \/>\n<meta property=\"og:site_name\" content=\"Hotel Medena - Trogir - Croatia\" \/>\n<meta property=\"article:modified_time\" content=\"2025-06-11T13:35:02+00:00\" \/>\n<meta name=\"twitter:card\" content=\"summary_large_image\" \/>\n<meta name=\"twitter:label1\" content=\"Procijenjeno vrijeme \u010ditanja\" \/>\n\t<meta name=\"twitter:data1\" content=\"3 minute\" \/>\n<script type=\"application\/ld+json\" class=\"yoast-schema-graph\">{\"@context\":\"https:\/\/schema.org\",\"@graph\":[{\"@type\":\"WebPage\",\"@id\":\"https:\/\/www.hotelmedena.com\/attractions\/\",\"url\":\"https:\/\/www.hotelmedena.com\/attractions\/\",\"name\":\"Attractions - Hotel Medena\",\"isPartOf\":{\"@id\":\"https:\/\/www.hotelmedena.com\/#website\"},\"datePublished\":\"2025-03-27T10:59:15+00:00\",\"dateModified\":\"2025-06-11T13:35:02+00:00\",\"breadcrumb\":{\"@id\":\"https:\/\/www.hotelmedena.com\/attractions\/#breadcrumb\"},\"inLanguage\":\"hr\",\"potentialAction\":[{\"@type\":\"ReadAction\",\"target\":[\"https:\/\/www.hotelmedena.com\/attractions\/\"]}]},{\"@type\":\"BreadcrumbList\",\"@id\":\"https:\/\/www.hotelmedena.com\/attractions\/#breadcrumb\",\"itemListElement\":[{\"@type\":\"ListItem\",\"position\":1,\"name\":\"Home\",\"item\":\"https:\/\/www.hotelmedena.com\/\"},{\"@type\":\"ListItem\",\"position\":2,\"name\":\"Attractions\"}]},{\"@type\":\"WebSite\",\"@id\":\"https:\/\/www.hotelmedena.com\/#website\",\"url\":\"https:\/\/www.hotelmedena.com\/\",\"name\":\"Hotel Medena - Trogir - Croatia\",\"description\":\"Obiteljski hotel\",\"publisher\":{\"@id\":\"https:\/\/www.hotelmedena.com\/#organization\"},\"potentialAction\":[{\"@type\":\"SearchAction\",\"target\":{\"@type\":\"EntryPoint\",\"urlTemplate\":\"https:\/\/www.hotelmedena.com\/?s={search_term_string}\"},\"query-input\":{\"@type\":\"PropertyValueSpecification\",\"valueRequired\":true,\"valueName\":\"search_term_string\"}}],\"inLanguage\":\"hr\"},{\"@type\":\"Organization\",\"@id\":\"https:\/\/www.hotelmedena.com\/#organization\",\"name\":\"Hotel Medena - Trogir - Croatia\",\"url\":\"https:\/\/www.hotelmedena.com\/\",\"logo\":{\"@type\":\"ImageObject\",\"inLanguage\":\"hr\",\"@id\":\"https:\/\/www.hotelmedena.com\/#\/schema\/logo\/image\/\",\"url\":\"https:\/\/www.hotelmedena.com\/wp-content\/uploads\/2025\/03\/cropped-hotel-logo2-1.png\",\"contentUrl\":\"https:\/\/www.hotelmedena.com\/wp-content\/uploads\/2025\/03\/cropped-hotel-logo2-1.png\",\"width\":888,\"height\":622,\"caption\":\"Hotel Medena - Trogir - Croatia\"},\"image\":{\"@id\":\"https:\/\/www.hotelmedena.com\/#\/schema\/logo\/image\/\"}}]}<\/script>\n<!-- \/ Yoast SEO plugin. -->","yoast_head_json":{"title":"Attractions - Hotel Medena","robots":{"index":"index","follow":"follow","max-snippet":"max-snippet:-1","max-image-preview":"max-image-preview:large","max-video-preview":"max-video-preview:-1"},"canonical":"https:\/\/www.hotelmedena.com\/hr\/attractions\/","og_locale":"hr_HR","og_type":"article","og_title":"Attractions - Hotel Medena","og_description":"Attractions City of Trogir Road distance: 4 km \u2013 approximately 5 minutes\u2019 drive UNESCO \u2013 Historic Centre of Trogir Trogir ... \u00bb\u00bb","og_url":"https:\/\/www.hotelmedena.com\/hr\/attractions\/","og_site_name":"Hotel Medena - Trogir - Croatia","article_modified_time":"2025-06-11T13:35:02+00:00","twitter_card":"summary_large_image","twitter_misc":{"Procijenjeno vrijeme \u010ditanja":"3 minute"},"schema":{"@context":"https:\/\/schema.org","@graph":[{"@type":"WebPage","@id":"https:\/\/www.hotelmedena.com\/attractions\/","url":"https:\/\/www.hotelmedena.com\/attractions\/","name":"Attractions - Hotel Medena","isPartOf":{"@id":"https:\/\/www.hotelmedena.com\/#website"},"datePublished":"2025-03-27T10:59:15+00:00","dateModified":"2025-06-11T13:35:02+00:00","breadcrumb":{"@id":"https:\/\/www.hotelmedena.com\/attractions\/#breadcrumb"},"inLanguage":"hr","potentialAction":[{"@type":"ReadAction","target":["https:\/\/www.hotelmedena.com\/attractions\/"]}]},{"@type":"BreadcrumbList","@id":"https:\/\/www.hotelmedena.com\/attractions\/#breadcrumb","itemListElement":[{"@type":"ListItem","position":1,"name":"Home","item":"https:\/\/www.hotelmedena.com\/"},{"@type":"ListItem","position":2,"name":"Attractions"}]},{"@type":"WebSite","@id":"https:\/\/www.hotelmedena.com\/#website","url":"https:\/\/www.hotelmedena.com\/","name":"Hotel Medena - Trogir - Croatia","description":"Obiteljski hotel","publisher":{"@id":"https:\/\/www.hotelmedena.com\/#organization"},"potentialAction":[{"@type":"SearchAction","target":{"@type":"EntryPoint","urlTemplate":"https:\/\/www.hotelmedena.com\/?s={search_term_string}"},"query-input":{"@type":"PropertyValueSpecification","valueRequired":true,"valueName":"search_term_string"}}],"inLanguage":"hr"},{"@type":"Organization","@id":"https:\/\/www.hotelmedena.com\/#organization","name":"Hotel Medena - Trogir - Croatia","url":"https:\/\/www.hotelmedena.com\/","logo":{"@type":"ImageObject","inLanguage":"hr","@id":"https:\/\/www.hotelmedena.com\/#\/schema\/logo\/image\/","url":"https:\/\/www.hotelmedena.com\/wp-content\/uploads\/2025\/03\/cropped-hotel-logo2-1.png","contentUrl":"https:\/\/www.hotelmedena.com\/wp-content\/uploads\/2025\/03\/cropped-hotel-logo2-1.png","width":888,"height":622,"caption":"Hotel Medena - Trogir - Croatia"},"image":{"@id":"https:\/\/www.hotelmedena.com\/#\/schema\/logo\/image\/"}}]}},"_links":{"self":[{"href":"https:\/\/www.hotelmedena.com\/hr\/wp-json\/wp\/v2\/pages\/5175","targetHints":{"allow":["GET"]}}],"collection":[{"href":"https:\/\/www.hotelmedena.com\/hr\/wp-json\/wp\/v2\/pages"}],"about":[{"href":"https:\/\/www.hotelmedena.com\/hr\/wp-json\/wp\/v2\/types\/page"}],"author":[{"embeddable":true,"href":"https:\/\/www.hotelmedena.com\/hr\/wp-json\/wp\/v2\/users\/3"}],"replies":[{"embeddable":true,"href":"https:\/\/www.hotelmedena.com\/hr\/wp-json\/wp\/v2\/comments?post=5175"}],"version-history":[{"count":23,"href":"https:\/\/www.hotelmedena.com\/hr\/wp-json\/wp\/v2\/pages\/5175\/revisions"}],"predecessor-version":[{"id":6153,"href":"https:\/\/www.hotelmedena.com\/hr\/wp-json\/wp\/v2\/pages\/5175\/revisions\/6153"}],"wp:attachment":[{"href":"https:\/\/www.hotelmedena.com\/hr\/wp-json\/wp\/v2\/media?parent=5175"}],"curies":[{"name":"wp","href":"https:\/\/api.w.org\/{rel}","templated":true}]}}