{"id":5137,"date":"2025-03-25T14:32:41","date_gmt":"2025-03-25T14:32:41","guid":{"rendered":"http:\/\/www.hotelmedena.com\/?page_id=5137"},"modified":"2025-05-22T07:57:25","modified_gmt":"2025-05-22T07:57:25","slug":"beach","status":"publish","type":"page","link":"https:\/\/www.hotelmedena.com\/hr\/beach\/","title":{"rendered":"Pla\u017ea"},"content":{"rendered":"<div data-elementor-type=\"wp-page\" data-elementor-id=\"5137\" class=\"elementor elementor-5137\">\n\t\t\t\t<div class=\"elementor-element elementor-element-ce2fd04 e-flex e-con-boxed e-con e-parent\" data-id=\"ce2fd04\" data-element_type=\"container\">\n\t\t\t\t\t<div class=\"e-con-inner\">\n\t\t\t\t<div class=\"elementor-element elementor-element-6462105 elementor-widget elementor-widget-heading\" data-id=\"6462105\" data-element_type=\"widget\" data-widget_type=\"heading.default\">\n\t\t\t\t<div class=\"elementor-widget-container\">\n\t\t\t\t\t<h2 class=\"elementor-heading-title elementor-size-default\">Pla\u017ea<\/h2>\t\t\t\t<\/div>\n\t\t\t\t<\/div>\n\t\t\t\t\t<\/div>\n\t\t\t\t<\/div>\n\t\t<div class=\"elementor-element elementor-element-5f40f76 e-flex e-con-boxed e-con e-parent\" data-id=\"5f40f76\" data-element_type=\"container\">\n\t\t\t\t\t<div class=\"e-con-inner\">\n\t\t<div class=\"elementor-element elementor-element-1c576f0 e-con-full e-flex e-con e-child\" data-id=\"1c576f0\" data-element_type=\"container\">\n\t\t\t\t<div class=\"elementor-element elementor-element-d44a057 elementor-widget elementor-widget-text-editor\" data-id=\"d44a057\" data-element_type=\"widget\" data-widget_type=\"text-editor.default\">\n\t\t\t\t<div class=\"elementor-widget-container\">\n\t\t\t\t\t\t\t\t\t<h5>Pla\u017ea se nalazi 200 metara od hotelskog kompleksa i do nje se mo\u017ee do\u0107i stepenicama ili pje\u0161\u010danim putem kroz borovu \u0161umu, te automobilom cestom isto\u010dno od glavnih hotelskih zgrada.<br data-start=\"232\" data-end=\"235\" \/>Hotelska pla\u017ea nudi brojne mogu\u0107nosti za zabavu i rekreaciju. Od klasi\u010dnih sportskih sadr\u017eaja nudimo 6 zemljanih teniskih terena, minigolf, trim stazu kroz borovu \u0161umu, teren za mali nogomet, odbojku i ko\u0161arku, SUP daske, te razne sportove i zabavu na moru.<\/h5>\t\t\t\t\t\t\t\t<\/div>\n\t\t\t\t<\/div>\n\t\t\t\t<\/div>\n\t\t<div class=\"elementor-element elementor-element-8af1b59 e-con-full e-flex e-con e-child\" data-id=\"8af1b59\" data-element_type=\"container\">\n\t\t\t\t<div class=\"elementor-element elementor-element-d3904d7 elementor-widget elementor-widget-image\" data-id=\"d3904d7\" data-element_type=\"widget\" data-widget_type=\"image.default\">\n\t\t\t\t<div class=\"elementor-widget-container\">\n\t\t\t\t\t\t\t\t\t\t\t\t\t\t\t<img fetchpriority=\"high\" decoding=\"async\" width=\"1024\" height=\"682\" src=\"https:\/\/www.hotelmedena.com\/wp-content\/uploads\/2025\/04\/DJI_0870-1024x682.jpg\" class=\"attachment-large size-large wp-image-5913\" alt=\"\" srcset=\"https:\/\/www.hotelmedena.com\/wp-content\/uploads\/2025\/04\/DJI_0870-1024x682.jpg 1024w, https:\/\/www.hotelmedena.com\/wp-content\/uploads\/2025\/04\/DJI_0870-300x200.jpg 300w, https:\/\/www.hotelmedena.com\/wp-content\/uploads\/2025\/04\/DJI_0870-768x512.jpg 768w, https:\/\/www.hotelmedena.com\/wp-content\/uploads\/2025\/04\/DJI_0870-1536x1023.jpg 1536w, https:\/\/www.hotelmedena.com\/wp-content\/uploads\/2025\/04\/DJI_0870.jpg 1651w\" sizes=\"(max-width: 1024px) 100vw, 1024px\" \/>\t\t\t\t\t\t\t\t\t\t\t\t\t\t\t<\/div>\n\t\t\t\t<\/div>\n\t\t\t\t<\/div>\n\t\t\t\t\t<\/div>\n\t\t\t\t<\/div>\n\t\t<div class=\"elementor-element elementor-element-c6d4b28 e-flex e-con-boxed e-con e-parent\" data-id=\"c6d4b28\" data-element_type=\"container\">\n\t\t\t\t\t<div class=\"e-con-inner\">\n\t\t\t\t<div class=\"elementor-element elementor-element-6722502 elementor-arrows-position-inside elementor-widget elementor-widget-image-carousel\" data-id=\"6722502\" data-element_type=\"widget\" data-settings=\"{&quot;slides_to_show&quot;:&quot;2&quot;,&quot;navigation&quot;:&quot;arrows&quot;,&quot;autoplay&quot;:&quot;yes&quot;,&quot;pause_on_hover&quot;:&quot;yes&quot;,&quot;pause_on_interaction&quot;:&quot;yes&quot;,&quot;autoplay_speed&quot;:5000,&quot;infinite&quot;:&quot;yes&quot;,&quot;speed&quot;:500,&quot;image_spacing_custom&quot;:{&quot;unit&quot;:&quot;px&quot;,&quot;size&quot;:20,&quot;sizes&quot;:[]},&quot;image_spacing_custom_tablet&quot;:{&quot;unit&quot;:&quot;px&quot;,&quot;size&quot;:&quot;&quot;,&quot;sizes&quot;:[]},&quot;image_spacing_custom_mobile&quot;:{&quot;unit&quot;:&quot;px&quot;,&quot;size&quot;:&quot;&quot;,&quot;sizes&quot;:[]}}\" data-widget_type=\"image-carousel.default\">\n\t\t\t\t<div class=\"elementor-widget-container\">\n\t\t\t\t\t\t\t<div class=\"elementor-image-carousel-wrapper swiper\" role=\"region\" aria-roledescription=\"carousel\" aria-label=\"Vrtuljak slika\" dir=\"ltr\">\n\t\t\t<div class=\"elementor-image-carousel swiper-wrapper\" aria-live=\"off\">\n\t\t\t\t\t\t\t\t<div class=\"swiper-slide\" role=\"group\" aria-roledescription=\"slide\" aria-label=\"1 of 21\"><figure class=\"swiper-slide-inner\"><img decoding=\"async\" class=\"swiper-slide-image\" src=\"https:\/\/www.hotelmedena.com\/wp-content\/uploads\/2025\/04\/DJI_0010.jpg\" alt=\"Hotel Medena pla\u017ea\" \/><\/figure><\/div><div class=\"swiper-slide\" role=\"group\" aria-roledescription=\"slide\" aria-label=\"2 of 21\"><figure class=\"swiper-slide-inner\"><img decoding=\"async\" class=\"swiper-slide-image\" src=\"https:\/\/www.hotelmedena.com\/wp-content\/uploads\/2025\/04\/DJI_0039.jpg\" alt=\"Hotel Medena pla\u017ea\" \/><\/figure><\/div><div class=\"swiper-slide\" role=\"group\" aria-roledescription=\"slide\" aria-label=\"3 of 21\"><figure class=\"swiper-slide-inner\"><img decoding=\"async\" class=\"swiper-slide-image\" src=\"https:\/\/www.hotelmedena.com\/wp-content\/uploads\/2025\/04\/DJI_0114.jpg\" alt=\"Hotel Medena pla\u017ea\" \/><\/figure><\/div><div class=\"swiper-slide\" role=\"group\" aria-roledescription=\"slide\" aria-label=\"4 of 21\"><figure class=\"swiper-slide-inner\"><img decoding=\"async\" class=\"swiper-slide-image\" src=\"https:\/\/www.hotelmedena.com\/wp-content\/uploads\/2025\/04\/DJI_0844.jpg\" alt=\"Hotel Medena pla\u017ea\" \/><\/figure><\/div><div class=\"swiper-slide\" role=\"group\" aria-roledescription=\"slide\" aria-label=\"5 of 21\"><figure class=\"swiper-slide-inner\"><img decoding=\"async\" class=\"swiper-slide-image\" src=\"https:\/\/www.hotelmedena.com\/wp-content\/uploads\/2025\/04\/DJI_0845.jpg\" alt=\"Hotel Medena pla\u017ea\" \/><\/figure><\/div><div class=\"swiper-slide\" role=\"group\" aria-roledescription=\"slide\" aria-label=\"6 of 21\"><figure class=\"swiper-slide-inner\"><img decoding=\"async\" class=\"swiper-slide-image\" src=\"https:\/\/www.hotelmedena.com\/wp-content\/uploads\/2025\/04\/DJI_0870.jpg\" alt=\"Hotel Medena pla\u017ea\" \/><\/figure><\/div><div class=\"swiper-slide\" role=\"group\" aria-roledescription=\"slide\" aria-label=\"7 of 21\"><figure class=\"swiper-slide-inner\"><img decoding=\"async\" class=\"swiper-slide-image\" src=\"https:\/\/www.hotelmedena.com\/wp-content\/uploads\/2025\/04\/DJI_0877.jpg\" alt=\"Hotel Medena pla\u017ea\" \/><\/figure><\/div><div class=\"swiper-slide\" role=\"group\" aria-roledescription=\"slide\" aria-label=\"8 of 21\"><figure class=\"swiper-slide-inner\"><img decoding=\"async\" class=\"swiper-slide-image\" src=\"https:\/\/www.hotelmedena.com\/wp-content\/uploads\/2025\/04\/DJI_0950.jpg\" alt=\"Hotel Medena pla\u017ea\" \/><\/figure><\/div><div class=\"swiper-slide\" role=\"group\" aria-roledescription=\"slide\" aria-label=\"9 of 21\"><figure class=\"swiper-slide-inner\"><img decoding=\"async\" class=\"swiper-slide-image\" src=\"https:\/\/www.hotelmedena.com\/wp-content\/uploads\/2025\/04\/DJI_0961.jpg\" alt=\"Hotel Medena pla\u017ea\" \/><\/figure><\/div><div class=\"swiper-slide\" role=\"group\" aria-roledescription=\"slide\" aria-label=\"10 of 21\"><figure class=\"swiper-slide-inner\"><img decoding=\"async\" class=\"swiper-slide-image\" src=\"https:\/\/www.hotelmedena.com\/wp-content\/uploads\/2025\/04\/DJI_0982.jpg\" alt=\"Hotel Medena pla\u017ea\" \/><\/figure><\/div><div class=\"swiper-slide\" role=\"group\" aria-roledescription=\"slide\" aria-label=\"11 of 21\"><figure class=\"swiper-slide-inner\"><img decoding=\"async\" class=\"swiper-slide-image\" src=\"https:\/\/www.hotelmedena.com\/wp-content\/uploads\/2025\/04\/DJI_0983.jpg\" alt=\"Hotel Medena pla\u017ea\" \/><\/figure><\/div><div class=\"swiper-slide\" role=\"group\" aria-roledescription=\"slide\" aria-label=\"12 of 21\"><figure class=\"swiper-slide-inner\"><img decoding=\"async\" class=\"swiper-slide-image\" src=\"https:\/\/www.hotelmedena.com\/wp-content\/uploads\/2025\/04\/DSC_4564.jpg\" alt=\"Hotel Medena pla\u017ea\" \/><\/figure><\/div><div class=\"swiper-slide\" role=\"group\" aria-roledescription=\"slide\" aria-label=\"13 of 21\"><figure class=\"swiper-slide-inner\"><img decoding=\"async\" class=\"swiper-slide-image\" src=\"https:\/\/www.hotelmedena.com\/wp-content\/uploads\/2025\/04\/DSC_4569.jpg\" alt=\"Hotel Medena pla\u017ea\" \/><\/figure><\/div><div class=\"swiper-slide\" role=\"group\" aria-roledescription=\"slide\" aria-label=\"14 of 21\"><figure class=\"swiper-slide-inner\"><img decoding=\"async\" class=\"swiper-slide-image\" src=\"https:\/\/www.hotelmedena.com\/wp-content\/uploads\/2025\/04\/DSC_4663.jpg\" alt=\"Hotel Medena pla\u017ea\" \/><\/figure><\/div><div class=\"swiper-slide\" role=\"group\" aria-roledescription=\"slide\" aria-label=\"15 of 21\"><figure class=\"swiper-slide-inner\"><img decoding=\"async\" class=\"swiper-slide-image\" src=\"https:\/\/www.hotelmedena.com\/wp-content\/uploads\/2025\/04\/DSC_4734-1.jpg\" alt=\"Hotel Medena pla\u017ea\" \/><\/figure><\/div><div class=\"swiper-slide\" role=\"group\" aria-roledescription=\"slide\" aria-label=\"16 of 21\"><figure class=\"swiper-slide-inner\"><img decoding=\"async\" class=\"swiper-slide-image\" src=\"https:\/\/www.hotelmedena.com\/wp-content\/uploads\/2025\/04\/DSC_4736-1.jpg\" alt=\"Hotel Medena pla\u017ea\" \/><\/figure><\/div><div class=\"swiper-slide\" role=\"group\" aria-roledescription=\"slide\" aria-label=\"17 of 21\"><figure class=\"swiper-slide-inner\"><img decoding=\"async\" class=\"swiper-slide-image\" src=\"https:\/\/www.hotelmedena.com\/wp-content\/uploads\/2025\/04\/DSC_4737-1.jpg\" alt=\"Hotel Medena pla\u017ea\" \/><\/figure><\/div><div class=\"swiper-slide\" role=\"group\" aria-roledescription=\"slide\" aria-label=\"18 of 21\"><figure class=\"swiper-slide-inner\"><img decoding=\"async\" class=\"swiper-slide-image\" src=\"https:\/\/www.hotelmedena.com\/wp-content\/uploads\/2025\/04\/DSC_5031.jpg\" alt=\"Hotel Medena pla\u017ea\" \/><\/figure><\/div><div class=\"swiper-slide\" role=\"group\" aria-roledescription=\"slide\" aria-label=\"19 of 21\"><figure class=\"swiper-slide-inner\"><img decoding=\"async\" class=\"swiper-slide-image\" src=\"https:\/\/www.hotelmedena.com\/wp-content\/uploads\/2025\/04\/DSC_5045.jpg\" alt=\"Hotel Medena pla\u017ea\" \/><\/figure><\/div><div class=\"swiper-slide\" role=\"group\" aria-roledescription=\"slide\" aria-label=\"20 of 21\"><figure class=\"swiper-slide-inner\"><img decoding=\"async\" class=\"swiper-slide-image\" src=\"https:\/\/www.hotelmedena.com\/wp-content\/uploads\/2025\/04\/DSC_5052.jpg\" alt=\"Hotel Medena pla\u017ea\" \/><\/figure><\/div><div class=\"swiper-slide\" role=\"group\" aria-roledescription=\"slide\" aria-label=\"21 of 21\"><figure class=\"swiper-slide-inner\"><img decoding=\"async\" class=\"swiper-slide-image\" src=\"https:\/\/www.hotelmedena.com\/wp-content\/uploads\/2025\/04\/DSC_5076.jpg\" alt=\"Hotel Medena pla\u017ea\" \/><\/figure><\/div>\t\t\t<\/div>\n\t\t\t\t\t\t\t\t\t\t\t\t<div class=\"elementor-swiper-button elementor-swiper-button-prev\" role=\"button\" tabindex=\"0\">\n\t\t\t\t\t\t<svg aria-hidden=\"true\" class=\"e-font-icon-svg e-eicon-chevron-left\" viewbox=\"0 0 1000 1000\" xmlns=\"http:\/\/www.w3.org\/2000\/svg\"><path d=\"M646 125C629 125 613 133 604 142L308 442C296 454 292 471 292 487 292 504 296 521 308 533L604 854C617 867 629 875 646 875 663 875 679 871 692 858 704 846 713 829 713 812 713 796 708 779 692 767L438 487 692 225C700 217 708 204 708 187 708 171 704 154 692 142 675 129 663 125 646 125Z\"><\/path><\/svg>\t\t\t\t\t<\/div>\n\t\t\t\t\t<div class=\"elementor-swiper-button elementor-swiper-button-next\" role=\"button\" tabindex=\"0\">\n\t\t\t\t\t\t<svg aria-hidden=\"true\" class=\"e-font-icon-svg e-eicon-chevron-right\" viewbox=\"0 0 1000 1000\" xmlns=\"http:\/\/www.w3.org\/2000\/svg\"><path d=\"M696 533C708 521 713 504 713 487 713 471 708 454 696 446L400 146C388 133 375 125 354 125 338 125 325 129 313 142 300 154 292 171 292 187 292 204 296 221 308 233L563 492 304 771C292 783 288 800 288 817 288 833 296 850 308 863 321 871 338 875 354 875 371 875 388 867 400 854L696 533Z\"><\/path><\/svg>\t\t\t\t\t<\/div>\n\t\t\t\t\n\t\t\t\t\t\t\t\t\t<\/div>\n\t\t\t\t\t\t<\/div>\n\t\t\t\t<\/div>\n\t\t\t\t\t<\/div>\n\t\t\t\t<\/div>\n\t\t\t\t<\/div>","protected":false},"excerpt":{"rendered":"<p>Beach The beach is located 200 meters from the hotel complex and can be accessed by stairs or a sandy <a href=\"https:\/\/www.hotelmedena.com\/hr\/beach\/#more-'\" class=\"more-link\">&#8230; \u00bb\u00bb<\/a><\/p>","protected":false},"author":3,"featured_media":0,"parent":0,"menu_order":0,"comment_status":"closed","ping_status":"closed","template":"","meta":{"site-sidebar-layout":"no-sidebar","site-content-layout":"","ast-site-content-layout":"full-width-container","site-content-style":"default","site-sidebar-style":"default","ast-global-header-display":"","ast-banner-title-visibility":"","ast-main-header-display":"","ast-hfb-above-header-display":"","ast-hfb-below-header-display":"","ast-hfb-mobile-header-display":"","site-post-title":"disabled","ast-breadcrumbs-content":"","ast-featured-img":"disabled","footer-sml-layout":"","theme-transparent-header-meta":"","adv-header-id-meta":"","stick-header-meta":"","header-above-stick-meta":"","header-main-stick-meta":"","header-below-stick-meta":"","astra-migrate-meta-layouts":"default","ast-page-background-enabled":"default","ast-page-background-meta":{"desktop":{"background-color":"var(--ast-global-color-5)","background-image":"","background-repeat":"repeat","background-position":"center center","background-size":"auto","background-attachment":"scroll","background-type":"","background-media":"","overlay-type":"","overlay-color":"","overlay-opacity":"","overlay-gradient":""},"tablet":{"background-color":"","background-image":"","background-repeat":"repeat","background-position":"center center","background-size":"auto","background-attachment":"scroll","background-type":"","background-media":"","overlay-type":"","overlay-color":"","overlay-opacity":"","overlay-gradient":""},"mobile":{"background-color":"","background-image":"","background-repeat":"repeat","background-position":"center center","background-size":"auto","background-attachment":"scroll","background-type":"","background-media":"","overlay-type":"","overlay-color":"","overlay-opacity":"","overlay-gradient":""}},"ast-content-background-meta":{"desktop":{"background-color":"var(--ast-global-color-4)","background-image":"","background-repeat":"repeat","background-position":"center center","background-size":"auto","background-attachment":"scroll","background-type":"","background-media":"","overlay-type":"","overlay-color":"","overlay-opacity":"","overlay-gradient":""},"tablet":{"background-color":"var(--ast-global-color-4)","background-image":"","background-repeat":"repeat","background-position":"center center","background-size":"auto","background-attachment":"scroll","background-type":"","background-media":"","overlay-type":"","overlay-color":"","overlay-opacity":"","overlay-gradient":""},"mobile":{"background-color":"var(--ast-global-color-4)","background-image":"","background-repeat":"repeat","background-position":"center center","background-size":"auto","background-attachment":"scroll","background-type":"","background-media":"","overlay-type":"","overlay-color":"","overlay-opacity":"","overlay-gradient":""}},"footnotes":""},"class_list":["post-5137","page","type-page","status-publish","hentry"],"yoast_head":"<!-- This site is optimized with the Yoast SEO plugin v25.1 - https:\/\/yoast.com\/wordpress\/plugins\/seo\/ -->\n<title>Beach - Hotel Medena<\/title>\n<meta name=\"robots\" content=\"index, follow, max-snippet:-1, max-image-preview:large, max-video-preview:-1\" \/>\n<link rel=\"canonical\" href=\"https:\/\/www.hotelmedena.com\/hr\/beach\/\" \/>\n<meta property=\"og:locale\" content=\"hr_HR\" \/>\n<meta property=\"og:type\" content=\"article\" \/>\n<meta property=\"og:title\" content=\"Beach - Hotel Medena\" \/>\n<meta property=\"og:description\" content=\"Beach The beach is located 200 meters from the hotel complex and can be accessed by stairs or a sandy ... \u00bb\u00bb\" \/>\n<meta property=\"og:url\" content=\"https:\/\/www.hotelmedena.com\/hr\/beach\/\" \/>\n<meta property=\"og:site_name\" content=\"Hotel Medena - Trogir - Croatia\" \/>\n<meta property=\"article:modified_time\" content=\"2025-05-22T07:57:25+00:00\" \/>\n<meta property=\"og:image\" content=\"https:\/\/www.hotelmedena.com\/wp-content\/uploads\/2025\/04\/DJI_0870-1024x682.jpg\" \/>\n<meta name=\"twitter:card\" content=\"summary_large_image\" \/>\n<meta name=\"twitter:label1\" content=\"Procijenjeno vrijeme \u010ditanja\" \/>\n\t<meta name=\"twitter:data1\" content=\"6 minuta\" \/>\n<script type=\"application\/ld+json\" class=\"yoast-schema-graph\">{\"@context\":\"https:\/\/schema.org\",\"@graph\":[{\"@type\":\"WebPage\",\"@id\":\"https:\/\/www.hotelmedena.com\/beach\/\",\"url\":\"https:\/\/www.hotelmedena.com\/beach\/\",\"name\":\"Beach - Hotel Medena\",\"isPartOf\":{\"@id\":\"https:\/\/www.hotelmedena.com\/#website\"},\"primaryImageOfPage\":{\"@id\":\"https:\/\/www.hotelmedena.com\/beach\/#primaryimage\"},\"image\":{\"@id\":\"https:\/\/www.hotelmedena.com\/beach\/#primaryimage\"},\"thumbnailUrl\":\"https:\/\/www.hotelmedena.com\/wp-content\/uploads\/2025\/04\/DJI_0870-1024x682.jpg\",\"datePublished\":\"2025-03-25T14:32:41+00:00\",\"dateModified\":\"2025-05-22T07:57:25+00:00\",\"breadcrumb\":{\"@id\":\"https:\/\/www.hotelmedena.com\/beach\/#breadcrumb\"},\"inLanguage\":\"hr\",\"potentialAction\":[{\"@type\":\"ReadAction\",\"target\":[\"https:\/\/www.hotelmedena.com\/beach\/\"]}]},{\"@type\":\"ImageObject\",\"inLanguage\":\"hr\",\"@id\":\"https:\/\/www.hotelmedena.com\/beach\/#primaryimage\",\"url\":\"https:\/\/www.hotelmedena.com\/wp-content\/uploads\/2025\/04\/DJI_0870-1024x682.jpg\",\"contentUrl\":\"https:\/\/www.hotelmedena.com\/wp-content\/uploads\/2025\/04\/DJI_0870-1024x682.jpg\"},{\"@type\":\"BreadcrumbList\",\"@id\":\"https:\/\/www.hotelmedena.com\/beach\/#breadcrumb\",\"itemListElement\":[{\"@type\":\"ListItem\",\"position\":1,\"name\":\"Home\",\"item\":\"https:\/\/www.hotelmedena.com\/\"},{\"@type\":\"ListItem\",\"position\":2,\"name\":\"Beach\"}]},{\"@type\":\"WebSite\",\"@id\":\"https:\/\/www.hotelmedena.com\/#website\",\"url\":\"https:\/\/www.hotelmedena.com\/\",\"name\":\"Hotel Medena - Trogir - Croatia\",\"description\":\"Obiteljski hotel\",\"publisher\":{\"@id\":\"https:\/\/www.hotelmedena.com\/#organization\"},\"potentialAction\":[{\"@type\":\"SearchAction\",\"target\":{\"@type\":\"EntryPoint\",\"urlTemplate\":\"https:\/\/www.hotelmedena.com\/?s={search_term_string}\"},\"query-input\":{\"@type\":\"PropertyValueSpecification\",\"valueRequired\":true,\"valueName\":\"search_term_string\"}}],\"inLanguage\":\"hr\"},{\"@type\":\"Organization\",\"@id\":\"https:\/\/www.hotelmedena.com\/#organization\",\"name\":\"Hotel Medena - Trogir - Croatia\",\"url\":\"https:\/\/www.hotelmedena.com\/\",\"logo\":{\"@type\":\"ImageObject\",\"inLanguage\":\"hr\",\"@id\":\"https:\/\/www.hotelmedena.com\/#\/schema\/logo\/image\/\",\"url\":\"https:\/\/www.hotelmedena.com\/wp-content\/uploads\/2025\/03\/cropped-hotel-logo2-1.png\",\"contentUrl\":\"https:\/\/www.hotelmedena.com\/wp-content\/uploads\/2025\/03\/cropped-hotel-logo2-1.png\",\"width\":888,\"height\":622,\"caption\":\"Hotel Medena - Trogir - Croatia\"},\"image\":{\"@id\":\"https:\/\/www.hotelmedena.com\/#\/schema\/logo\/image\/\"}}]}<\/script>\n<!-- \/ Yoast SEO plugin. -->","yoast_head_json":{"title":"Beach - Hotel Medena","robots":{"index":"index","follow":"follow","max-snippet":"max-snippet:-1","max-image-preview":"max-image-preview:large","max-video-preview":"max-video-preview:-1"},"canonical":"https:\/\/www.hotelmedena.com\/hr\/beach\/","og_locale":"hr_HR","og_type":"article","og_title":"Beach - Hotel Medena","og_description":"Beach The beach is located 200 meters from the hotel complex and can be accessed by stairs or a sandy ... \u00bb\u00bb","og_url":"https:\/\/www.hotelmedena.com\/hr\/beach\/","og_site_name":"Hotel Medena - Trogir - Croatia","article_modified_time":"2025-05-22T07:57:25+00:00","og_image":[{"url":"https:\/\/www.hotelmedena.com\/wp-content\/uploads\/2025\/04\/DJI_0870-1024x682.jpg","type":"","width":"","height":""}],"twitter_card":"summary_large_image","twitter_misc":{"Procijenjeno vrijeme \u010ditanja":"6 minuta"},"schema":{"@context":"https:\/\/schema.org","@graph":[{"@type":"WebPage","@id":"https:\/\/www.hotelmedena.com\/beach\/","url":"https:\/\/www.hotelmedena.com\/beach\/","name":"Beach - Hotel Medena","isPartOf":{"@id":"https:\/\/www.hotelmedena.com\/#website"},"primaryImageOfPage":{"@id":"https:\/\/www.hotelmedena.com\/beach\/#primaryimage"},"image":{"@id":"https:\/\/www.hotelmedena.com\/beach\/#primaryimage"},"thumbnailUrl":"https:\/\/www.hotelmedena.com\/wp-content\/uploads\/2025\/04\/DJI_0870-1024x682.jpg","datePublished":"2025-03-25T14:32:41+00:00","dateModified":"2025-05-22T07:57:25+00:00","breadcrumb":{"@id":"https:\/\/www.hotelmedena.com\/beach\/#breadcrumb"},"inLanguage":"hr","potentialAction":[{"@type":"ReadAction","target":["https:\/\/www.hotelmedena.com\/beach\/"]}]},{"@type":"ImageObject","inLanguage":"hr","@id":"https:\/\/www.hotelmedena.com\/beach\/#primaryimage","url":"https:\/\/www.hotelmedena.com\/wp-content\/uploads\/2025\/04\/DJI_0870-1024x682.jpg","contentUrl":"https:\/\/www.hotelmedena.com\/wp-content\/uploads\/2025\/04\/DJI_0870-1024x682.jpg"},{"@type":"BreadcrumbList","@id":"https:\/\/www.hotelmedena.com\/beach\/#breadcrumb","itemListElement":[{"@type":"ListItem","position":1,"name":"Home","item":"https:\/\/www.hotelmedena.com\/"},{"@type":"ListItem","position":2,"name":"Beach"}]},{"@type":"WebSite","@id":"https:\/\/www.hotelmedena.com\/#website","url":"https:\/\/www.hotelmedena.com\/","name":"Hotel Medena - Trogir - Croatia","description":"Obiteljski hotel","publisher":{"@id":"https:\/\/www.hotelmedena.com\/#organization"},"potentialAction":[{"@type":"SearchAction","target":{"@type":"EntryPoint","urlTemplate":"https:\/\/www.hotelmedena.com\/?s={search_term_string}"},"query-input":{"@type":"PropertyValueSpecification","valueRequired":true,"valueName":"search_term_string"}}],"inLanguage":"hr"},{"@type":"Organization","@id":"https:\/\/www.hotelmedena.com\/#organization","name":"Hotel Medena - Trogir - Croatia","url":"https:\/\/www.hotelmedena.com\/","logo":{"@type":"ImageObject","inLanguage":"hr","@id":"https:\/\/www.hotelmedena.com\/#\/schema\/logo\/image\/","url":"https:\/\/www.hotelmedena.com\/wp-content\/uploads\/2025\/03\/cropped-hotel-logo2-1.png","contentUrl":"https:\/\/www.hotelmedena.com\/wp-content\/uploads\/2025\/03\/cropped-hotel-logo2-1.png","width":888,"height":622,"caption":"Hotel Medena - Trogir - Croatia"},"image":{"@id":"https:\/\/www.hotelmedena.com\/#\/schema\/logo\/image\/"}}]}},"_links":{"self":[{"href":"https:\/\/www.hotelmedena.com\/hr\/wp-json\/wp\/v2\/pages\/5137","targetHints":{"allow":["GET"]}}],"collection":[{"href":"https:\/\/www.hotelmedena.com\/hr\/wp-json\/wp\/v2\/pages"}],"about":[{"href":"https:\/\/www.hotelmedena.com\/hr\/wp-json\/wp\/v2\/types\/page"}],"author":[{"embeddable":true,"href":"https:\/\/www.hotelmedena.com\/hr\/wp-json\/wp\/v2\/users\/3"}],"replies":[{"embeddable":true,"href":"https:\/\/www.hotelmedena.com\/hr\/wp-json\/wp\/v2\/comments?post=5137"}],"version-history":[{"count":26,"href":"https:\/\/www.hotelmedena.com\/hr\/wp-json\/wp\/v2\/pages\/5137\/revisions"}],"predecessor-version":[{"id":6127,"href":"https:\/\/www.hotelmedena.com\/hr\/wp-json\/wp\/v2\/pages\/5137\/revisions\/6127"}],"wp:attachment":[{"href":"https:\/\/www.hotelmedena.com\/hr\/wp-json\/wp\/v2\/media?parent=5137"}],"curies":[{"name":"wp","href":"https:\/\/api.w.org\/{rel}","templated":true}]}}